{"id":20,"date":"2011-10-16T19:31:58","date_gmt":"2011-10-16T19:31:58","guid":{"rendered":"http:\/\/spezialist.ch\/wp2\/?page_id=7"},"modified":"2021-10-01T13:29:44","modified_gmt":"2021-10-01T11:29:44","slug":"kontakt","status":"publish","type":"page","link":"https:\/\/webfruit.ch\/webfruit\/kontakt\/","title":{"rendered":"Kontakt"},"content":{"rendered":"<blockquote><p><span style=\"color: #336699;\"><strong>So k\u00f6nnen Sie mit mir in Kontakt treten:<\/strong><\/span><\/p><\/blockquote>\n<p><span style=\"color: #336699;\">S\u00e4mi V\u00f6lkin<\/span><br \/>\n<span style=\"color: #336699;\">info[at]spezialist.ch<\/span><\/p>\n<p><span style=\"color: #336699;\"><strong>oder \u00fcber folgendes Kontaktformular.\u00a0<\/strong><\/span><\/p>\n\n<div class=\"wpcf7 no-js\" id=\"wpcf7-f410-o1\" lang=\"de-DE\" dir=\"ltr\" data-wpcf7-id=\"410\">\n<div class=\"screen-reader-response\"><p role=\"status\" aria-live=\"polite\" aria-atomic=\"true\"><\/p> <ul><\/ul><\/div>\n<form action=\"\/webfruit\/wp-json\/wp\/v2\/pages\/20#wpcf7-f410-o1\" method=\"post\" class=\"wpcf7-form init\" aria-label=\"Kontaktformular\" novalidate=\"novalidate\" data-status=\"init\">\n<fieldset class=\"hidden-fields-container\"><input type=\"hidden\" name=\"_wpcf7\" value=\"410\" \/><input type=\"hidden\" name=\"_wpcf7_version\" value=\"6.1.4\" \/><input type=\"hidden\" name=\"_wpcf7_locale\" value=\"de_DE\" \/><input type=\"hidden\" name=\"_wpcf7_unit_tag\" value=\"wpcf7-f410-o1\" \/><input type=\"hidden\" name=\"_wpcf7_container_post\" value=\"0\" \/><input type=\"hidden\" name=\"_wpcf7_posted_data_hash\" value=\"\" \/>\n<\/fieldset>\n<p><label>Name<br \/>\n<span class=\"wpcf7-form-control-wrap\" data-name=\"your-name\"><input size=\"40\" maxlength=\"400\" class=\"wpcf7-form-control wpcf7-text wpcf7-validates-as-required\" aria-required=\"true\" aria-invalid=\"false\" value=\"\" type=\"text\" name=\"your-name\" \/><\/span> <\/label>\n<\/p>\n<p><label>E-Mail-Adresse<br \/>\n<span class=\"wpcf7-form-control-wrap\" data-name=\"your-email\"><input size=\"40\" maxlength=\"400\" class=\"wpcf7-form-control wpcf7-email wpcf7-validates-as-required wpcf7-text wpcf7-validates-as-email\" aria-required=\"true\" aria-invalid=\"false\" value=\"\" type=\"email\" name=\"your-email\" \/><\/span> <\/label>\n<\/p>\n<p><label>Bemerkung (optional)<br \/>\n<span class=\"wpcf7-form-control-wrap\" data-name=\"your-message\"><textarea cols=\"40\" rows=\"10\" maxlength=\"2000\" class=\"wpcf7-form-control wpcf7-textarea\" aria-invalid=\"false\" name=\"your-message\"><\/textarea><\/span> <\/label>\n<\/p>\n<p><span class=\"wpcf7-form-control-wrap\" data-name=\"quiz-757\"><label><span class=\"wpcf7-quiz-label\">Spamschutz: Wie viele Tiere sind vier Hunde plus f\u00fcnf Gummib\u00e4rchen? (Bitte Zahl eingeben)<\/span> <input size=\"40\" class=\"wpcf7-form-control wpcf7-quiz\" autocomplete=\"off\" aria-required=\"true\" aria-invalid=\"false\" type=\"text\" name=\"quiz-757\" \/><\/label><input type=\"hidden\" name=\"_wpcf7_quiz_answer_quiz-757\" value=\"00617aa09a727806c7d291323acc26d7\" \/><\/span><br \/>\n<input class=\"wpcf7-form-control wpcf7-submit has-spinner\" type=\"submit\" value=\"Senden\" \/>\n<\/p><div class=\"wpcf7-response-output\" aria-hidden=\"true\"><\/div>\n<\/form>\n<\/div>\n\n<p><span style=\"color: #336699;\"><strong>Ich freue mich \u00fcber eine Anregung von Ihnen. \u00a0Es Gr\u00fcsst Sie S\u00e4mi V\u00f6lkin<\/strong><\/span><\/p>\n","protected":false},"excerpt":{"rendered":"<p>So k\u00f6nnen Sie mit mir in Kontakt treten: S\u00e4mi V\u00f6lkin info[at]spezialist.ch oder \u00fcber folgendes Kontaktformular.\u00a0 Ich freue mich \u00fcber eine Anregung von Ihnen. \u00a0Es Gr\u00fcsst Sie S\u00e4mi V\u00f6lkin<\/p>\n","protected":false},"author":1,"featured_media":0,"parent":0,"menu_order":5,"comment_status":"closed","ping_status":"closed","template":"","meta":{"footnotes":""},"class_list":["post-20","page","type-page","status-publish","hentry"],"_links":{"self":[{"href":"https:\/\/webfruit.ch\/webfruit\/wp-json\/wp\/v2\/pages\/20","targetHints":{"allow":["GET"]}}],"collection":[{"href":"https:\/\/webfruit.ch\/webfruit\/wp-json\/wp\/v2\/pages"}],"about":[{"href":"https:\/\/webfruit.ch\/webfruit\/wp-json\/wp\/v2\/types\/page"}],"author":[{"embeddable":true,"href":"https:\/\/webfruit.ch\/webfruit\/wp-json\/wp\/v2\/users\/1"}],"replies":[{"embeddable":true,"href":"https:\/\/webfruit.ch\/webfruit\/wp-json\/wp\/v2\/comments?post=20"}],"version-history":[{"count":0,"href":"https:\/\/webfruit.ch\/webfruit\/wp-json\/wp\/v2\/pages\/20\/revisions"}],"wp:attachment":[{"href":"https:\/\/webfruit.ch\/webfruit\/wp-json\/wp\/v2\/media?parent=20"}],"curies":[{"name":"wp","href":"https:\/\/api.w.org\/{rel}","templated":true}]}}