{"id":415,"date":"2021-10-01T13:40:12","date_gmt":"2021-10-01T11:40:12","guid":{"rendered":"https:\/\/webfruit.ch\/webfruit\/?page_id=415"},"modified":"2025-03-12T13:22:06","modified_gmt":"2025-03-12T11:22:06","slug":"startseite-2","status":"publish","type":"page","link":"https:\/\/webfruit.ch\/webfruit\/","title":{"rendered":"Startseite"},"content":{"rendered":"\n<p>Was kannst du mit dem freien Inhaltverwaltungssystem WordPress alles machen:<\/p>\n\n\n\n<ul class=\"wp-block-list\">\n<li>Du kannst Inhalte wie z.B. Text und Fotos einfach aktualisiert und erweitertern<\/li>\n\n\n\n<li>Mit Vorlagen = Themes lassen sich das Erscheinungsbild deiner Webseite individuell gestalten.<\/li>\n\n\n\n<li>Auch vielf\u00e4ltige <a href=\"https:\/\/webfruit.ch\/webfruit\/?page_id=539\" data-type=\"page\" data-id=\"539\" target=\"_blank\" rel=\"noreferrer noopener\">Erweiterungsm\u00f6glichkeiten<\/a> wie z.B.<br>Kontakt Formular, Bilder-Galerie, Social Media Anbindung (Facebook &amp; Co),<br>Video (YouTube\/Vimeo), Newsletter oder einen Online-Shop.<\/li>\n<\/ul>\n\n\n\n<figure class=\"wp-block-image size-large\"><a href=\"https:\/\/webfruit.ch\/webfruit\/wp-content\/uploads\/2025\/03\/Gemini_Generated_Image_tjte5ttjte5ttjte.jpg\"><img loading=\"lazy\" decoding=\"async\" width=\"1024\" height=\"1024\" src=\"https:\/\/webfruit.ch\/webfruit\/wp-content\/uploads\/2025\/03\/Gemini_Generated_Image_tjte5ttjte5ttjte-1024x1024.jpg\" alt=\"\" class=\"wp-image-623\" srcset=\"https:\/\/webfruit.ch\/webfruit\/wp-content\/uploads\/2025\/03\/Gemini_Generated_Image_tjte5ttjte5ttjte-1024x1024.jpg 1024w, https:\/\/webfruit.ch\/webfruit\/wp-content\/uploads\/2025\/03\/Gemini_Generated_Image_tjte5ttjte5ttjte-300x300.jpg 300w, https:\/\/webfruit.ch\/webfruit\/wp-content\/uploads\/2025\/03\/Gemini_Generated_Image_tjte5ttjte5ttjte-150x150.jpg 150w, https:\/\/webfruit.ch\/webfruit\/wp-content\/uploads\/2025\/03\/Gemini_Generated_Image_tjte5ttjte5ttjte-768x768.jpg 768w, https:\/\/webfruit.ch\/webfruit\/wp-content\/uploads\/2025\/03\/Gemini_Generated_Image_tjte5ttjte5ttjte-1536x1536.jpg 1536w, https:\/\/webfruit.ch\/webfruit\/wp-content\/uploads\/2025\/03\/Gemini_Generated_Image_tjte5ttjte5ttjte.jpg 2048w\" sizes=\"auto, (max-width: 1024px) 100vw, 1024px\" \/><\/a><\/figure>\n\n\n\n<p><strong>Community-Funktionen:<\/strong><\/p>\n\n\n\n<p>Auf dieser Webseite probiere ich die Community-Funktionen von WordPress aus. Die Erweiterung daf\u00fcr heisst BuddyPress. Sie bietet Mitgliederprofile, Aktivit\u00e4tsverl\u00e4ufe, Direkte Nachrichten, Benachrichtigungen und mehr!<\/p>\n\n\n\n<p>Hier ist eine Zusammenstellung der verwendeten Erweiterungen = Plugins. <\/p>\n\n\n\n<p><strong>:BuddyPress<br><a href=\"https:\/\/buddypress.org\/\">https:\/\/buddypress.org\/<\/a><br>:BuddyPress Docs<br><a href=\"https:\/\/wordpress.org\/plugins\/buddypress-docs\/\">https:\/\/wordpress.org\/plugins\/buddypress-docs\/<\/a><br>:BuddyPress Media<br><a href=\"https:\/\/wordpress.org\/plugins\/buddypress-media\/\">https:\/\/wordpress.org\/plugins\/buddypress-media\/<\/a><\/strong><\/p>\n","protected":false},"excerpt":{"rendered":"<p>Was kannst du mit dem freien Inhaltverwaltungssystem WordPress alles machen: Community-Funktionen: Auf dieser Webseite probiere ich die Community-Funktionen von WordPress aus. Die Erweiterung daf\u00fcr heisst BuddyPress. Sie bietet Mitgliederprofile, Aktivit\u00e4tsverl\u00e4ufe, &#8230;<\/p>\n","protected":false},"author":1,"featured_media":0,"parent":0,"menu_order":0,"comment_status":"closed","ping_status":"closed","template":"","meta":{"footnotes":""},"class_list":["post-415","page","type-page","status-publish","hentry"],"_links":{"self":[{"href":"https:\/\/webfruit.ch\/webfruit\/wp-json\/wp\/v2\/pages\/415","targetHints":{"allow":["GET"]}}],"collection":[{"href":"https:\/\/webfruit.ch\/webfruit\/wp-json\/wp\/v2\/pages"}],"about":[{"href":"https:\/\/webfruit.ch\/webfruit\/wp-json\/wp\/v2\/types\/page"}],"author":[{"embeddable":true,"href":"https:\/\/webfruit.ch\/webfruit\/wp-json\/wp\/v2\/users\/1"}],"replies":[{"embeddable":true,"href":"https:\/\/webfruit.ch\/webfruit\/wp-json\/wp\/v2\/comments?post=415"}],"version-history":[{"count":0,"href":"https:\/\/webfruit.ch\/webfruit\/wp-json\/wp\/v2\/pages\/415\/revisions"}],"wp:attachment":[{"href":"https:\/\/webfruit.ch\/webfruit\/wp-json\/wp\/v2\/media?parent=415"}],"curies":[{"name":"wp","href":"https:\/\/api.w.org\/{rel}","templated":true}]}}