{"id":47,"date":"2012-03-10T10:43:30","date_gmt":"2012-03-10T10:43:30","guid":{"rendered":"http:\/\/spezialist.ch\/wp2\/?page_id=47"},"modified":"2024-03-13T17:03:18","modified_gmt":"2024-03-13T15:03:18","slug":"aktuelle-projekte","status":"publish","type":"page","link":"https:\/\/webfruit.ch\/webfruit\/aktuelle-projekte\/","title":{"rendered":"Referenzen"},"content":{"rendered":"\n<p><span style=\"color: #336699;\">F\u00fcr die<strong> Medienk\u00fcnstlerin Sibylle V\u00f6lkin<\/strong> betreue ich ihren Internet-Auftritt.<\/span><br><span style=\"color: #336699;\"> <strong>&nbsp;<\/strong>Gezeigt werden<strong>&nbsp;<\/strong>zwei ihrer aktuellen Arbeiten. Sowie ihre Arbeits-Dokumentation steht zum download &nbsp;bereit. Die Website wurde f\u00fcr Smart-Phones, Table-PC und Google optimiert.<\/span><\/p>\n\n\n\n<p><a title=\"Medienk\u00fcnstlerin Sibylle V\u00f6lkin\" href=\"http:\/\/www.sibyllevoelkin.com\" target=\"_blank\" rel=\"noopener noreferrer\">www.sibyllevoelkin.com<\/a><\/p>\n\n\n\n<p><strong>Nicht mehr aktiv: <\/strong><span style=\"color: #336699;\">F\u00fcr <strong>AutoMieten Heim<\/strong> betreute ich den Internet-Auftritt.<\/span><br><span style=\"color: #336699;\"> Dies beinhaltete seine Mietautos attraktiv hervor zu hebt. Sowie eine Umschaltung f\u00fcr den zweisprachigen Deutschen\/ Englischen Internet-Auftritt. Seine Webseite war f\u00fcr Smart-Phones und Table, sowie f\u00fcr Googles Suchmaschinen optimiert.<\/span><br><a title=\"Automieten Heim\" href=\"https:\/\/heim.webfruit.ch\" target=\"_blank\" rel=\"noopener noreferrer\">https:\/\/heim.webfruit.ch<\/a><\/p>\n","protected":false},"excerpt":{"rendered":"<p>F\u00fcr die Medienk\u00fcnstlerin Sibylle V\u00f6lkin betreue ich ihren Internet-Auftritt. &nbsp;Gezeigt werden&nbsp;zwei ihrer aktuellen Arbeiten. Sowie ihre Arbeits-Dokumentation steht zum download &nbsp;bereit. Die Website wurde f\u00fcr Smart-Phones, Table-PC und Google optimiert. &#8230;<\/p>\n","protected":false},"author":1,"featured_media":0,"parent":0,"menu_order":3,"comment_status":"closed","ping_status":"closed","template":"","meta":{"footnotes":""},"class_list":["post-47","page","type-page","status-publish","hentry"],"_links":{"self":[{"href":"https:\/\/webfruit.ch\/webfruit\/wp-json\/wp\/v2\/pages\/47","targetHints":{"allow":["GET"]}}],"collection":[{"href":"https:\/\/webfruit.ch\/webfruit\/wp-json\/wp\/v2\/pages"}],"about":[{"href":"https:\/\/webfruit.ch\/webfruit\/wp-json\/wp\/v2\/types\/page"}],"author":[{"embeddable":true,"href":"https:\/\/webfruit.ch\/webfruit\/wp-json\/wp\/v2\/users\/1"}],"replies":[{"embeddable":true,"href":"https:\/\/webfruit.ch\/webfruit\/wp-json\/wp\/v2\/comments?post=47"}],"version-history":[{"count":0,"href":"https:\/\/webfruit.ch\/webfruit\/wp-json\/wp\/v2\/pages\/47\/revisions"}],"wp:attachment":[{"href":"https:\/\/webfruit.ch\/webfruit\/wp-json\/wp\/v2\/media?parent=47"}],"curies":[{"name":"wp","href":"https:\/\/api.w.org\/{rel}","templated":true}]}}