{"id":575,"date":"2024-02-24T17:00:52","date_gmt":"2024-02-24T15:00:52","guid":{"rendered":"https:\/\/webfruit.ch\/webfruit\/?page_id=575"},"modified":"2025-03-12T13:23:04","modified_gmt":"2025-03-12T11:23:04","slug":"barrierefreie-webseiten","status":"publish","type":"page","link":"https:\/\/webfruit.ch\/webfruit\/barrierefreie-webseiten\/","title":{"rendered":"Barrierefreie Webseiten"},"content":{"rendered":"\n<p>Ob Webdesign, Content oder Webentwicklung: Indem Sie Ihre Webseiten gut bedienbar machen, erleichtern Sie Men\u00adschen die Teilhabe am digitalen Leben und vergr\u00f6\u00dfern zu\u00adgleich die Reichweite Ihrer Produkte und Dienstleistungen. 2025 tritt das&nbsp;<strong>Barrierefreiheitsst\u00e4rkungsgesetz (BFSG)<\/strong>&nbsp;in Kraft, aber nicht nur deshalb und nicht erst dann sollten Unter\u00adnehmen t\u00e4tig werden \u2013 am besten denken Sie&nbsp;<strong>Accessibility<\/strong>&nbsp;von Beginn an mit.<\/p>\n\n\n\n<p>Unsere Expertinnen und Experten st\u00e4rken Ihr Bewusstsein f\u00fcr die Anforderungen, sch\u00e4rfen Ihren Blick f\u00fcr die Stolper\u00adsteine und zeigen Ihnen, worauf Sie bei der&nbsp;<strong>Gestaltung Ihres Webauftritts<\/strong>, bei der&nbsp;<strong>Erstellung und Pflege Ihrer Inhalte<\/strong>&nbsp;oder bei der&nbsp;<strong>Programmierung<\/strong>&nbsp;Ihres Webshops achten m\u00fcssen.<\/p>\n\n\n\n<p><strong>Wer weiss und kann was?<\/strong><\/p>\n\n\n\n<h2 class=\"wp-block-heading\">Nina Jameson <\/h2>\n\n\n\n<p>Informatikerin &amp; Expertin f\u00fcr digitale Barrierefreiheit, Gr\u00fcnderin der <a href=\"https:\/\/gehirngerecht.digital\/\" target=\"_blank\" rel=\"noreferrer noopener\">Gehirngerecht Digital GmbH<\/a>, <a href=\"https:\/\/www.youtube.com\/@GehirngerechtDigital\" target=\"_blank\" rel=\"noreferrer noopener\">Youtube-Kanal &gt;&gt;<\/a><\/p>\n\n\n\n<h2 class=\"wp-block-heading\">Tobias Roppelt<\/h2>\n\n\n\n<p>UI\/UX Designer &amp; Brand-Spezialist, Gr\u00fcnder der Gehirngerecht Digital GmbH<\/p>\n\n\n\n<h2 class=\"wp-block-heading\">Markus Erle<\/h2>\n\n\n\n<p>Document Accessibility Consultant, Co-Founder und CEO der <a href=\"https:\/\/www.axes4.com\/de\" target=\"_blank\" rel=\"noreferrer noopener\">axes4 GmbH<\/a>, <a href=\"https:\/\/www.youtube.com\/@axes4_a11y\" target=\"_blank\" rel=\"noreferrer noopener\">Youtube-Kanal &gt;&gt;<\/a><\/p>\n\n\n\n<h2 class=\"wp-block-heading\">Annett Farnetani<\/h2>\n\n\n\n<p>Spezialistin f\u00fcr digitale Barrierefreiheit, CEO der <a href=\"https:\/\/www.mindscreen.de\/\" target=\"_blank\" rel=\"noreferrer noopener\">mindscreen<\/a><a href=\"https:\/\/www.mindscreen.de\/\"> GmbH<\/a>, <a href=\"https:\/\/www.youtube.com\/@iaap-dach\"><strong>IAAP D\u00b7A\u00b7CH<\/strong>&#8211; <\/a><strong><a href=\"https:\/\/www.youtube.com\/@iaap-dach\" target=\"_blank\" rel=\"noreferrer noopener\">Youtube<\/a><\/strong><a href=\"https:\/\/www.youtube.com\/@iaap-dach\"><strong>-Kanal&gt;&gt;<\/strong><\/a><\/p>\n\n\n\n<h2 class=\"wp-block-heading\">Detlef Girke<\/h2>\n\n\n\n<p>Experte und freiberuflicher Berater f\u00fcr barrierefreie IT <a href=\"https:\/\/bitvconsult.de\/\" target=\"_blank\" rel=\"noreferrer noopener\">BITV-Consult<\/a><\/p>\n\n\n\n<p>Tool-&gt; Screenreader (<a href=\"https:\/\/www.nvaccess.org\/\">NVDA<\/a>&nbsp;f\u00fcr Windows, VoiceOver f\u00fcr MacOS)<\/p>\n\n\n\n<p><a href=\"https:\/\/www.figma.com\/de\/\" target=\"_blank\" rel=\"noreferrer noopener\">Figma UI-Designs &gt;&gt;<\/a><\/p>\n\n\n\n<p><a href=\"https:\/\/www.tpgi.com\/color-contrast-checker\/\"><strong>Color <\/strong><\/a><a href=\"https:\/\/www.tpgi.com\/color-contrast-checker\/\" target=\"_blank\" rel=\"noreferrer noopener\"><strong>Contrast<\/strong><\/a><a href=\"https:\/\/www.tpgi.com\/color-contrast-checker\/\"> Analyser &gt;&gt;<\/a><\/p>\n\n\n\n<figure class=\"wp-block-image size-large\"><a href=\"https:\/\/webfruit.ch\/webfruit\/wp-content\/uploads\/2025\/03\/Gemini_Generated_Image_i3ha89i3ha89i3ha.jpg\"><img loading=\"lazy\" decoding=\"async\" width=\"1024\" height=\"1024\" src=\"https:\/\/webfruit.ch\/webfruit\/wp-content\/uploads\/2025\/03\/Gemini_Generated_Image_i3ha89i3ha89i3ha-1024x1024.jpg\" alt=\"\" class=\"wp-image-626\" srcset=\"https:\/\/webfruit.ch\/webfruit\/wp-content\/uploads\/2025\/03\/Gemini_Generated_Image_i3ha89i3ha89i3ha-1024x1024.jpg 1024w, https:\/\/webfruit.ch\/webfruit\/wp-content\/uploads\/2025\/03\/Gemini_Generated_Image_i3ha89i3ha89i3ha-300x300.jpg 300w, https:\/\/webfruit.ch\/webfruit\/wp-content\/uploads\/2025\/03\/Gemini_Generated_Image_i3ha89i3ha89i3ha-150x150.jpg 150w, https:\/\/webfruit.ch\/webfruit\/wp-content\/uploads\/2025\/03\/Gemini_Generated_Image_i3ha89i3ha89i3ha-768x768.jpg 768w, https:\/\/webfruit.ch\/webfruit\/wp-content\/uploads\/2025\/03\/Gemini_Generated_Image_i3ha89i3ha89i3ha-1536x1536.jpg 1536w, https:\/\/webfruit.ch\/webfruit\/wp-content\/uploads\/2025\/03\/Gemini_Generated_Image_i3ha89i3ha89i3ha.jpg 2048w\" sizes=\"auto, (max-width: 1024px) 100vw, 1024px\" \/><\/a><\/figure>\n","protected":false},"excerpt":{"rendered":"<p>Ob Webdesign, Content oder Webentwicklung: Indem Sie Ihre Webseiten gut bedienbar machen, erleichtern Sie Men\u00adschen die Teilhabe am digitalen Leben und vergr\u00f6\u00dfern zu\u00adgleich die Reichweite Ihrer Produkte und Dienstleistungen. 2025 &#8230;<\/p>\n","protected":false},"author":1,"featured_media":0,"parent":0,"menu_order":0,"comment_status":"closed","ping_status":"closed","template":"","meta":{"footnotes":""},"class_list":["post-575","page","type-page","status-publish","hentry"],"_links":{"self":[{"href":"https:\/\/webfruit.ch\/webfruit\/wp-json\/wp\/v2\/pages\/575","targetHints":{"allow":["GET"]}}],"collection":[{"href":"https:\/\/webfruit.ch\/webfruit\/wp-json\/wp\/v2\/pages"}],"about":[{"href":"https:\/\/webfruit.ch\/webfruit\/wp-json\/wp\/v2\/types\/page"}],"author":[{"embeddable":true,"href":"https:\/\/webfruit.ch\/webfruit\/wp-json\/wp\/v2\/users\/1"}],"replies":[{"embeddable":true,"href":"https:\/\/webfruit.ch\/webfruit\/wp-json\/wp\/v2\/comments?post=575"}],"version-history":[{"count":0,"href":"https:\/\/webfruit.ch\/webfruit\/wp-json\/wp\/v2\/pages\/575\/revisions"}],"wp:attachment":[{"href":"https:\/\/webfruit.ch\/webfruit\/wp-json\/wp\/v2\/media?parent=575"}],"curies":[{"name":"wp","href":"https:\/\/api.w.org\/{rel}","templated":true}]}}